{"id":118,"date":"2010-11-23T09:48:46","date_gmt":"2010-11-23T09:48:46","guid":{"rendered":"http:\/\/blogs.esamcaen.fr\/design-graphique\/"},"modified":"2011-08-23T18:16:20","modified_gmt":"2011-08-23T18:16:20","slug":"qui-etes-vous","status":"publish","type":"page","link":"https:\/\/blogs.esam-c2.fr\/design-graphique\/qui-etes-vous\/","title":{"rendered":"Qui \u00eates-vous ?"},"content":{"rendered":"<h2>Sarah Fouquet<\/h2>\n<p>Dessinatrice, graphiste, auto-\u00e9ditrice, professeur de graphisme et coordinatrice du d\u00e9partement design graphique \u00e0 l&rsquo;\u00e9cole sup\u00e9rieure d&rsquo;arts et m\u00e9dias de Caen<\/p>\n","protected":false},"excerpt":{"rendered":"<p>Sarah Fouquet Dessinatrice, graphiste, auto-\u00e9ditrice, professeur de graphisme et coordinatrice du d\u00e9partement design graphique \u00e0 l&rsquo;\u00e9cole sup\u00e9rieure d&rsquo;arts et m\u00e9dias de Caen<\/p>\n","protected":false},"author":7,"featured_media":0,"parent":0,"menu_order":0,"comment_status":"closed","ping_status":"closed","template":"","meta":{"footnotes":""},"class_list":["post-118","page","type-page","status-publish","hentry"],"yoast_head":"<!-- This site is optimized with the Yoast SEO plugin v27.2 - https:\/\/yoast.com\/product\/yoast-seo-wordpress\/ -->\n<title>Qui \u00eates-vous ? - \/\/\/design graphique\/\u00e9sam-c2\/<\/title>\n<meta name=\"robots\" content=\"index, follow, max-snippet:-1, max-image-preview:large, max-video-preview:-1\" \/>\n<link rel=\"canonical\" href=\"https:\/\/blogs.esam-c2.fr\/design-graphique\/qui-etes-vous\/\" \/>\n<meta property=\"og:locale\" content=\"fr_FR\" \/>\n<meta property=\"og:type\" content=\"article\" \/>\n<meta property=\"og:title\" content=\"Qui \u00eates-vous ? - \/\/\/design graphique\/\u00e9sam-c2\/\" \/>\n<meta property=\"og:description\" content=\"Sarah Fouquet Dessinatrice, graphiste, auto-\u00e9ditrice, professeur de graphisme et coordinatrice du d\u00e9partement design graphique \u00e0 l&rsquo;\u00e9cole sup\u00e9rieure d&rsquo;arts et m\u00e9dias de Caen\" \/>\n<meta property=\"og:url\" content=\"https:\/\/blogs.esam-c2.fr\/design-graphique\/qui-etes-vous\/\" \/>\n<meta property=\"og:site_name\" content=\"\/\/\/design graphique\/\u00e9sam-c2\/\" \/>\n<meta property=\"article:modified_time\" content=\"2011-08-23T18:16:20+00:00\" \/>\n<meta name=\"twitter:card\" content=\"summary_large_image\" \/>\n<script type=\"application\/ld+json\" class=\"yoast-schema-graph\">{\"@context\":\"https:\/\/schema.org\",\"@graph\":[{\"@type\":\"WebPage\",\"@id\":\"https:\/\/blogs.esam-c2.fr\/design-graphique\/qui-etes-vous\/\",\"url\":\"https:\/\/blogs.esam-c2.fr\/design-graphique\/qui-etes-vous\/\",\"name\":\"Qui \u00eates-vous ? - \/\/\/design graphique\/\u00e9sam-c2\/\",\"isPartOf\":{\"@id\":\"https:\/\/blogs.esam-c2.fr\/design-graphique\/#website\"},\"datePublished\":\"2010-11-23T09:48:46+00:00\",\"dateModified\":\"2011-08-23T18:16:20+00:00\",\"breadcrumb\":{\"@id\":\"https:\/\/blogs.esam-c2.fr\/design-graphique\/qui-etes-vous\/#breadcrumb\"},\"inLanguage\":\"fr-FR\",\"potentialAction\":[{\"@type\":\"ReadAction\",\"target\":[\"https:\/\/blogs.esam-c2.fr\/design-graphique\/qui-etes-vous\/\"]}]},{\"@type\":\"BreadcrumbList\",\"@id\":\"https:\/\/blogs.esam-c2.fr\/design-graphique\/qui-etes-vous\/#breadcrumb\",\"itemListElement\":[{\"@type\":\"ListItem\",\"position\":1,\"name\":\"Accueil\",\"item\":\"https:\/\/blogs.esam-c2.fr\/design-graphique\/\"},{\"@type\":\"ListItem\",\"position\":2,\"name\":\"Qui \u00eates-vous ?\"}]},{\"@type\":\"WebSite\",\"@id\":\"https:\/\/blogs.esam-c2.fr\/design-graphique\/#website\",\"url\":\"https:\/\/blogs.esam-c2.fr\/design-graphique\/\",\"name\":\"\/\/\/design graphique\/\u00e9sam-c2\/\",\"description\":\"site d&#039;archives et d&#039;informations \/ cours de graphisme \/ Caen\",\"potentialAction\":[{\"@type\":\"SearchAction\",\"target\":{\"@type\":\"EntryPoint\",\"urlTemplate\":\"https:\/\/blogs.esam-c2.fr\/design-graphique\/?s={search_term_string}\"},\"query-input\":{\"@type\":\"PropertyValueSpecification\",\"valueRequired\":true,\"valueName\":\"search_term_string\"}}],\"inLanguage\":\"fr-FR\"}]}<\/script>\n<!-- \/ Yoast SEO plugin. -->","yoast_head_json":{"title":"Qui \u00eates-vous ? - \/\/\/design graphique\/\u00e9sam-c2\/","robots":{"index":"index","follow":"follow","max-snippet":"max-snippet:-1","max-image-preview":"max-image-preview:large","max-video-preview":"max-video-preview:-1"},"canonical":"https:\/\/blogs.esam-c2.fr\/design-graphique\/qui-etes-vous\/","og_locale":"fr_FR","og_type":"article","og_title":"Qui \u00eates-vous ? - \/\/\/design graphique\/\u00e9sam-c2\/","og_description":"Sarah Fouquet Dessinatrice, graphiste, auto-\u00e9ditrice, professeur de graphisme et coordinatrice du d\u00e9partement design graphique \u00e0 l&rsquo;\u00e9cole sup\u00e9rieure d&rsquo;arts et m\u00e9dias de Caen","og_url":"https:\/\/blogs.esam-c2.fr\/design-graphique\/qui-etes-vous\/","og_site_name":"\/\/\/design graphique\/\u00e9sam-c2\/","article_modified_time":"2011-08-23T18:16:20+00:00","twitter_card":"summary_large_image","schema":{"@context":"https:\/\/schema.org","@graph":[{"@type":"WebPage","@id":"https:\/\/blogs.esam-c2.fr\/design-graphique\/qui-etes-vous\/","url":"https:\/\/blogs.esam-c2.fr\/design-graphique\/qui-etes-vous\/","name":"Qui \u00eates-vous ? - \/\/\/design graphique\/\u00e9sam-c2\/","isPartOf":{"@id":"https:\/\/blogs.esam-c2.fr\/design-graphique\/#website"},"datePublished":"2010-11-23T09:48:46+00:00","dateModified":"2011-08-23T18:16:20+00:00","breadcrumb":{"@id":"https:\/\/blogs.esam-c2.fr\/design-graphique\/qui-etes-vous\/#breadcrumb"},"inLanguage":"fr-FR","potentialAction":[{"@type":"ReadAction","target":["https:\/\/blogs.esam-c2.fr\/design-graphique\/qui-etes-vous\/"]}]},{"@type":"BreadcrumbList","@id":"https:\/\/blogs.esam-c2.fr\/design-graphique\/qui-etes-vous\/#breadcrumb","itemListElement":[{"@type":"ListItem","position":1,"name":"Accueil","item":"https:\/\/blogs.esam-c2.fr\/design-graphique\/"},{"@type":"ListItem","position":2,"name":"Qui \u00eates-vous ?"}]},{"@type":"WebSite","@id":"https:\/\/blogs.esam-c2.fr\/design-graphique\/#website","url":"https:\/\/blogs.esam-c2.fr\/design-graphique\/","name":"\/\/\/design graphique\/\u00e9sam-c2\/","description":"site d&#039;archives et d&#039;informations \/ cours de graphisme \/ Caen","potentialAction":[{"@type":"SearchAction","target":{"@type":"EntryPoint","urlTemplate":"https:\/\/blogs.esam-c2.fr\/design-graphique\/?s={search_term_string}"},"query-input":{"@type":"PropertyValueSpecification","valueRequired":true,"valueName":"search_term_string"}}],"inLanguage":"fr-FR"}]}},"_links":{"self":[{"href":"https:\/\/blogs.esam-c2.fr\/design-graphique\/wp-json\/wp\/v2\/pages\/118","targetHints":{"allow":["GET"]}}],"collection":[{"href":"https:\/\/blogs.esam-c2.fr\/design-graphique\/wp-json\/wp\/v2\/pages"}],"about":[{"href":"https:\/\/blogs.esam-c2.fr\/design-graphique\/wp-json\/wp\/v2\/types\/page"}],"author":[{"embeddable":true,"href":"https:\/\/blogs.esam-c2.fr\/design-graphique\/wp-json\/wp\/v2\/users\/7"}],"replies":[{"embeddable":true,"href":"https:\/\/blogs.esam-c2.fr\/design-graphique\/wp-json\/wp\/v2\/comments?post=118"}],"version-history":[{"count":6,"href":"https:\/\/blogs.esam-c2.fr\/design-graphique\/wp-json\/wp\/v2\/pages\/118\/revisions"}],"predecessor-version":[{"id":124,"href":"https:\/\/blogs.esam-c2.fr\/design-graphique\/wp-json\/wp\/v2\/pages\/118\/revisions\/124"}],"wp:attachment":[{"href":"https:\/\/blogs.esam-c2.fr\/design-graphique\/wp-json\/wp\/v2\/media?parent=118"}],"curies":[{"name":"wp","href":"https:\/\/api.w.org\/{rel}","templated":true}]}}